{"id":1103,"date":"2021-03-02T11:05:23","date_gmt":"2021-03-02T09:05:23","guid":{"rendered":"https:\/\/dvarcenudvaras.lt\/about-us\/"},"modified":"2023-06-30T08:57:45","modified_gmt":"2023-06-30T05:57:45","slug":"about-us","status":"publish","type":"page","link":"https:\/\/dvarcenudvaras.lt\/en\/about-us\/","title":{"rendered":"About Us"},"content":{"rendered":"\t\t<div data-elementor-type=\"wp-page\" data-elementor-id=\"1103\" class=\"elementor elementor-1103 elementor-19\">\n\t\t\t\t\t\t<section class=\"elementor-section elementor-top-section elementor-element elementor-element-2713864 elementor-section-stretched elementor-section-boxed elementor-section-height-default elementor-section-height-default\" data-id=\"2713864\" data-element_type=\"section\" data-e-type=\"section\" data-settings=\"{&quot;stretch_section&quot;:&quot;section-stretched&quot;,&quot;background_background&quot;:&quot;classic&quot;}\">\n\t\t\t\t\t\t<div class=\"elementor-container elementor-column-gap-wider\">\n\t\t\t\t\t<div class=\"elementor-column elementor-col-100 elementor-top-column elementor-element elementor-element-add828e\" data-id=\"add828e\" data-element_type=\"column\" data-e-type=\"column\">\n\t\t\t<div class=\"elementor-widget-wrap elementor-element-populated\">\n\t\t\t\t\t\t<section class=\"elementor-section elementor-inner-section elementor-element elementor-element-a60279a elementor-section-boxed elementor-section-height-default elementor-section-height-default\" data-id=\"a60279a\" data-element_type=\"section\" data-e-type=\"section\">\n\t\t\t\t\t\t<div class=\"elementor-container elementor-column-gap-default\">\n\t\t\t\t\t<div class=\"elementor-column elementor-col-33 elementor-inner-column elementor-element elementor-element-83bd7e4\" data-id=\"83bd7e4\" data-element_type=\"column\" data-e-type=\"column\">\n\t\t\t<div class=\"elementor-widget-wrap elementor-element-populated\">\n\t\t\t\t\t\t<div class=\"elementor-element elementor-element-27f31ab elementor-widget elementor-widget-image\" data-id=\"27f31ab\" data-element_type=\"widget\" data-e-type=\"widget\" data-widget_type=\"image.default\">\n\t\t\t\t<div class=\"elementor-widget-container\">\n\t\t\t\t\t\t\t\t\t\t\t\t\t\t\t<img fetchpriority=\"high\" decoding=\"async\" width=\"780\" height=\"1000\" src=\"https:\/\/dvarcenudvaras.lt\/wp-content\/uploads\/2023\/06\/apie-mus.jpg\" class=\"attachment-full size-full wp-image-1377\" alt=\"\" srcset=\"https:\/\/dvarcenudvaras.lt\/wp-content\/uploads\/2023\/06\/apie-mus.jpg 780w, https:\/\/dvarcenudvaras.lt\/wp-content\/uploads\/2023\/06\/apie-mus-234x300.jpg 234w, https:\/\/dvarcenudvaras.lt\/wp-content\/uploads\/2023\/06\/apie-mus-768x985.jpg 768w, https:\/\/dvarcenudvaras.lt\/wp-content\/uploads\/2023\/06\/apie-mus-114x146.jpg 114w, https:\/\/dvarcenudvaras.lt\/wp-content\/uploads\/2023\/06\/apie-mus-39x50.jpg 39w, https:\/\/dvarcenudvaras.lt\/wp-content\/uploads\/2023\/06\/apie-mus-59x75.jpg 59w, https:\/\/dvarcenudvaras.lt\/wp-content\/uploads\/2023\/06\/apie-mus-480x615.jpg 480w\" sizes=\"(max-width:767px) 480px, (max-width:780px) 100vw, 780px\" \/>\t\t\t\t\t\t\t\t\t\t\t\t\t\t\t<\/div>\n\t\t\t\t<\/div>\n\t\t\t\t<div class=\"elementor-element elementor-element-42ab78e elementor-widget elementor-widget-text-editor\" data-id=\"42ab78e\" data-element_type=\"widget\" data-e-type=\"widget\" data-widget_type=\"text-editor.default\">\n\t\t\t\t<div class=\"elementor-widget-container\">\n\t\t\t\t\t\t\t\t\t<h5>The rural tourism homestead &#8220;Dvar\u010d\u0117n\u0173 dvaras&#8221; is located in a remote nature haven, on the shore of Lake Suvingis, with is a cozy environment for you and your relatives there. After a long and stressful day, you will always find a way to relax here.<\/h5>\n\t\t\t\t\t\t\t\t<\/div>\n\t\t\t\t<\/div>\n\t\t\t\t\t<\/div>\n\t\t<\/div>\n\t\t\t\t<div class=\"elementor-column elementor-col-33 elementor-inner-column elementor-element elementor-element-6957532\" data-id=\"6957532\" data-element_type=\"column\" data-e-type=\"column\">\n\t\t\t<div class=\"elementor-widget-wrap elementor-element-populated\">\n\t\t\t\t\t\t<div class=\"elementor-element elementor-element-e6766bb elementor-widget elementor-widget-text-editor\" data-id=\"e6766bb\" data-element_type=\"widget\" data-e-type=\"widget\" data-widget_type=\"text-editor.default\">\n\t\t\t\t<div class=\"elementor-widget-container\">\n\t\t\t\t\t\t\t\t\t<h2>About homestead<\/h2>\n\t\t\t\t\t\t\t\t<\/div>\n\t\t\t\t<\/div>\n\t\t\t\t<div class=\"elementor-element elementor-element-a8d57d4 elementor-widget elementor-widget-text-editor\" data-id=\"a8d57d4\" data-element_type=\"widget\" data-e-type=\"widget\" data-widget_type=\"text-editor.default\">\n\t\t\t\t<div class=\"elementor-widget-container\">\n\t\t\t\t\t\t\t\t\t<p>The homestead is suitable for corporate conferences, weddings, christenings, parties. Dvar\u010d\u0117nai dvaras&#8221; has cozy and modernly equipped cottages for your services (two spacious rooms which can accommodate up to 4 people) with the view to a lake while on the other side the view to a large pond. You can meet the rising sun in the morning on the outside terrace next to each room, enjoying the calmness of the lake. Each room has wooden furniture, modern bathtubs (or shower cabins), toilets, refrigerators, and TVs for your comfortable stay.<\/p>\n\t\t\t\t\t\t\t\t<\/div>\n\t\t\t\t<\/div>\n\t\t\t\t<div class=\"elementor-element elementor-element-48bb8a3 elementor-widget elementor-widget-image\" data-id=\"48bb8a3\" data-element_type=\"widget\" data-e-type=\"widget\" data-widget_type=\"image.default\">\n\t\t\t\t<div class=\"elementor-widget-container\">\n\t\t\t\t\t\t\t\t\t\t\t\t\t\t\t<img decoding=\"async\" width=\"780\" height=\"780\" src=\"https:\/\/dvarcenudvaras.lt\/wp-content\/uploads\/2023\/06\/apie-mus-2.jpg\" class=\"attachment-full size-full wp-image-1380\" alt=\"\" srcset=\"https:\/\/dvarcenudvaras.lt\/wp-content\/uploads\/2023\/06\/apie-mus-2.jpg 780w, https:\/\/dvarcenudvaras.lt\/wp-content\/uploads\/2023\/06\/apie-mus-2-300x300.jpg 300w, https:\/\/dvarcenudvaras.lt\/wp-content\/uploads\/2023\/06\/apie-mus-2-150x150.jpg 150w, https:\/\/dvarcenudvaras.lt\/wp-content\/uploads\/2023\/06\/apie-mus-2-768x768.jpg 768w, https:\/\/dvarcenudvaras.lt\/wp-content\/uploads\/2023\/06\/apie-mus-2-146x146.jpg 146w, https:\/\/dvarcenudvaras.lt\/wp-content\/uploads\/2023\/06\/apie-mus-2-50x50.jpg 50w, https:\/\/dvarcenudvaras.lt\/wp-content\/uploads\/2023\/06\/apie-mus-2-75x75.jpg 75w, https:\/\/dvarcenudvaras.lt\/wp-content\/uploads\/2023\/06\/apie-mus-2-85x85.jpg 85w, https:\/\/dvarcenudvaras.lt\/wp-content\/uploads\/2023\/06\/apie-mus-2-80x80.jpg 80w, https:\/\/dvarcenudvaras.lt\/wp-content\/uploads\/2023\/06\/apie-mus-2-480x480.jpg 480w\" sizes=\"(max-width:767px) 480px, (max-width:780px) 100vw, 780px\" \/>\t\t\t\t\t\t\t\t\t\t\t\t\t\t\t<\/div>\n\t\t\t\t<\/div>\n\t\t\t\t\t<\/div>\n\t\t<\/div>\n\t\t\t\t<div class=\"elementor-column elementor-col-33 elementor-inner-column elementor-element elementor-element-110ba19\" data-id=\"110ba19\" data-element_type=\"column\" data-e-type=\"column\">\n\t\t\t<div class=\"elementor-widget-wrap elementor-element-populated\">\n\t\t\t\t\t\t<div class=\"elementor-element elementor-element-fd3f205 elementor-widget elementor-widget-image\" data-id=\"fd3f205\" data-element_type=\"widget\" data-e-type=\"widget\" data-widget_type=\"image.default\">\n\t\t\t\t<div class=\"elementor-widget-container\">\n\t\t\t\t\t\t\t\t\t\t\t\t\t\t\t<img decoding=\"async\" width=\"666\" height=\"1024\" src=\"https:\/\/dvarcenudvaras.lt\/wp-content\/uploads\/2023\/06\/apie-mus-3-666x1024.jpg\" class=\"attachment-large size-large wp-image-1382\" alt=\"\" srcset=\"https:\/\/dvarcenudvaras.lt\/wp-content\/uploads\/2023\/06\/apie-mus-3-666x1024.jpg 666w, https:\/\/dvarcenudvaras.lt\/wp-content\/uploads\/2023\/06\/apie-mus-3-195x300.jpg 195w, https:\/\/dvarcenudvaras.lt\/wp-content\/uploads\/2023\/06\/apie-mus-3-768x1182.jpg 768w, https:\/\/dvarcenudvaras.lt\/wp-content\/uploads\/2023\/06\/apie-mus-3-95x146.jpg 95w, https:\/\/dvarcenudvaras.lt\/wp-content\/uploads\/2023\/06\/apie-mus-3-33x50.jpg 33w, https:\/\/dvarcenudvaras.lt\/wp-content\/uploads\/2023\/06\/apie-mus-3-49x75.jpg 49w, https:\/\/dvarcenudvaras.lt\/wp-content\/uploads\/2023\/06\/apie-mus-3-480x738.jpg 480w, https:\/\/dvarcenudvaras.lt\/wp-content\/uploads\/2023\/06\/apie-mus-3.jpg 780w\" sizes=\"(max-width:767px) 480px, 666px\" \/>\t\t\t\t\t\t\t\t\t\t\t\t\t\t\t<\/div>\n\t\t\t\t<\/div>\n\t\t\t\t\t<\/div>\n\t\t<\/div>\n\t\t\t\t\t<\/div>\n\t\t<\/section>\n\t\t\t\t\t<\/div>\n\t\t<\/div>\n\t\t\t\t\t<\/div>\n\t\t<\/section>\n\t\t\t\t<section class=\"elementor-section elementor-top-section elementor-element elementor-element-ca4d651 elementor-section-stretched elementor-section-boxed elementor-section-height-default elementor-section-height-default\" data-id=\"ca4d651\" data-element_type=\"section\" data-e-type=\"section\" data-settings=\"{&quot;stretch_section&quot;:&quot;section-stretched&quot;,&quot;background_background&quot;:&quot;classic&quot;}\">\n\t\t\t\t\t\t<div class=\"elementor-container elementor-column-gap-wider\">\n\t\t\t\t\t<div class=\"elementor-column elementor-col-100 elementor-top-column elementor-element elementor-element-7e01584\" data-id=\"7e01584\" data-element_type=\"column\" data-e-type=\"column\">\n\t\t\t<div class=\"elementor-widget-wrap elementor-element-populated\">\n\t\t\t\t\t\t<section class=\"elementor-section elementor-inner-section elementor-element elementor-element-4b1904a elementor-section-boxed elementor-section-height-default elementor-section-height-default\" data-id=\"4b1904a\" data-element_type=\"section\" data-e-type=\"section\">\n\t\t\t\t\t\t<div class=\"elementor-container elementor-column-gap-default\">\n\t\t\t\t\t<div class=\"elementor-column elementor-col-50 elementor-inner-column elementor-element elementor-element-df3109a\" data-id=\"df3109a\" data-element_type=\"column\" data-e-type=\"column\">\n\t\t\t<div class=\"elementor-widget-wrap elementor-element-populated\">\n\t\t\t\t\t\t<div class=\"elementor-element elementor-element-c2d3520 elementor-widget elementor-widget-image\" data-id=\"c2d3520\" data-element_type=\"widget\" data-e-type=\"widget\" data-widget_type=\"image.default\">\n\t\t\t\t<div class=\"elementor-widget-container\">\n\t\t\t\t\t\t\t\t\t\t\t\t\t\t\t<img loading=\"lazy\" decoding=\"async\" width=\"98\" height=\"98\" src=\"https:\/\/dvarcenudvaras.lt\/wp-content\/uploads\/2023\/01\/dvaras.png\" class=\"attachment-full size-full wp-image-764\" alt=\"\" srcset=\"https:\/\/dvarcenudvaras.lt\/wp-content\/uploads\/2023\/01\/dvaras.png 98w, https:\/\/dvarcenudvaras.lt\/wp-content\/uploads\/2023\/01\/dvaras-50x50.png 50w, https:\/\/dvarcenudvaras.lt\/wp-content\/uploads\/2023\/01\/dvaras-75x75.png 75w, https:\/\/dvarcenudvaras.lt\/wp-content\/uploads\/2023\/01\/dvaras-85x85.png 85w, https:\/\/dvarcenudvaras.lt\/wp-content\/uploads\/2023\/01\/dvaras-80x80.png 80w\" sizes=\"(max-width:767px) 98px, 98px\" \/>\t\t\t\t\t\t\t\t\t\t\t\t\t\t\t<\/div>\n\t\t\t\t<\/div>\n\t\t\t\t<div class=\"elementor-element elementor-element-5bceb7a elementor-widget elementor-widget-text-editor\" data-id=\"5bceb7a\" data-element_type=\"widget\" data-e-type=\"widget\" data-widget_type=\"text-editor.default\">\n\t\t\t\t<div class=\"elementor-widget-container\">\n\t\t\t\t\t\t\t\t\t<h5>Homestead for rent<\/h5>\nAre you preparing to celebrate a birthday, a wedding, or maybe you are organizing a business event? The most suitable place for that is &#8220;Dvar\u010d\u0117n\u0173 dvaras&#8221;. The homestead can accommodate up to 300 people at a time, 80 guests can stay overnight in the homestead&#8217;s main building and cottages. We can offer you 3 halls with a capacity of 180, 120 and 60 participants, all halls are suitable for celebrations and conferences. The halls have all the necessary equipment for productive work, good acoustics and an air conditioning system with comfortable seating.\t\t\t\t\t\t\t\t<\/div>\n\t\t\t\t<\/div>\n\t\t\t\t\t<\/div>\n\t\t<\/div>\n\t\t\t\t<div class=\"elementor-column elementor-col-50 elementor-inner-column elementor-element elementor-element-5477733\" data-id=\"5477733\" data-element_type=\"column\" data-e-type=\"column\">\n\t\t\t<div class=\"elementor-widget-wrap elementor-element-populated\">\n\t\t\t\t\t\t<div class=\"elementor-element elementor-element-9e27ef1 elementor-widget elementor-widget-image\" data-id=\"9e27ef1\" data-element_type=\"widget\" data-e-type=\"widget\" data-widget_type=\"image.default\">\n\t\t\t\t<div class=\"elementor-widget-container\">\n\t\t\t\t\t\t\t\t\t\t\t\t\t\t\t<img loading=\"lazy\" decoding=\"async\" width=\"98\" height=\"98\" src=\"https:\/\/dvarcenudvaras.lt\/wp-content\/uploads\/2023\/01\/raktas.png\" class=\"attachment-full size-full wp-image-778\" alt=\"\" srcset=\"https:\/\/dvarcenudvaras.lt\/wp-content\/uploads\/2023\/01\/raktas.png 98w, https:\/\/dvarcenudvaras.lt\/wp-content\/uploads\/2023\/01\/raktas-50x50.png 50w, https:\/\/dvarcenudvaras.lt\/wp-content\/uploads\/2023\/01\/raktas-75x75.png 75w, https:\/\/dvarcenudvaras.lt\/wp-content\/uploads\/2023\/01\/raktas-85x85.png 85w, https:\/\/dvarcenudvaras.lt\/wp-content\/uploads\/2023\/01\/raktas-80x80.png 80w\" sizes=\"(max-width:767px) 98px, 98px\" \/>\t\t\t\t\t\t\t\t\t\t\t\t\t\t\t<\/div>\n\t\t\t\t<\/div>\n\t\t\t\t<div class=\"elementor-element elementor-element-019d573 elementor-widget elementor-widget-text-editor\" data-id=\"019d573\" data-element_type=\"widget\" data-e-type=\"widget\" data-widget_type=\"text-editor.default\">\n\t\t\t\t<div class=\"elementor-widget-container\">\n\t\t\t\t\t\t\t\t\t<h5>Rooms for rent<\/h5>\n&#8220;Dvar\u010d\u0117nai dvaras&#8221; has cozy and modernly equipped cottages for your services (two spacious rooms which can accommodate up to 4 people) with the view to a lake while on the other side the view to a large pond. You can meet the rising sun in the morning on the outside terrace next to each room, enjoying the calmness of the lake. Each room has wooden furniture, modern bathtubs (or shower cabins), toilets, refrigerators, and TVs for your comfortable stay. \u201cDvar\u010d\u0117n\u0173 dvaras\u201c is a rural tourism homestead that will give you the city advantages in the nature that you have been longing for.\t\t\t\t\t\t\t\t<\/div>\n\t\t\t\t<\/div>\n\t\t\t\t\t<\/div>\n\t\t<\/div>\n\t\t\t\t\t<\/div>\n\t\t<\/section>\n\t\t\t\t<section class=\"elementor-section elementor-inner-section elementor-element elementor-element-388372e elementor-section-boxed elementor-section-height-default elementor-section-height-default\" data-id=\"388372e\" data-element_type=\"section\" data-e-type=\"section\">\n\t\t\t\t\t\t<div class=\"elementor-container elementor-column-gap-default\">\n\t\t\t\t\t<div class=\"elementor-column elementor-col-50 elementor-inner-column elementor-element elementor-element-97fa621\" data-id=\"97fa621\" data-element_type=\"column\" data-e-type=\"column\">\n\t\t\t<div class=\"elementor-widget-wrap elementor-element-populated\">\n\t\t\t\t\t\t<div class=\"elementor-element elementor-element-cb9cb72 elementor-widget elementor-widget-image\" data-id=\"cb9cb72\" data-element_type=\"widget\" data-e-type=\"widget\" data-widget_type=\"image.default\">\n\t\t\t\t<div class=\"elementor-widget-container\">\n\t\t\t\t\t\t\t\t\t\t\t\t\t\t\t<img loading=\"lazy\" decoding=\"async\" width=\"98\" height=\"98\" src=\"https:\/\/dvarcenudvaras.lt\/wp-content\/uploads\/2023\/01\/pokyliu-sale.png\" class=\"attachment-full size-full wp-image-780\" alt=\"\" srcset=\"https:\/\/dvarcenudvaras.lt\/wp-content\/uploads\/2023\/01\/pokyliu-sale.png 98w, https:\/\/dvarcenudvaras.lt\/wp-content\/uploads\/2023\/01\/pokyliu-sale-50x50.png 50w, https:\/\/dvarcenudvaras.lt\/wp-content\/uploads\/2023\/01\/pokyliu-sale-75x75.png 75w, https:\/\/dvarcenudvaras.lt\/wp-content\/uploads\/2023\/01\/pokyliu-sale-85x85.png 85w, https:\/\/dvarcenudvaras.lt\/wp-content\/uploads\/2023\/01\/pokyliu-sale-80x80.png 80w\" sizes=\"(max-width:767px) 98px, 98px\" \/>\t\t\t\t\t\t\t\t\t\t\t\t\t\t\t<\/div>\n\t\t\t\t<\/div>\n\t\t\t\t<div class=\"elementor-element elementor-element-433bba9 elementor-widget elementor-widget-text-editor\" data-id=\"433bba9\" data-element_type=\"widget\" data-e-type=\"widget\" data-widget_type=\"text-editor.default\">\n\t\t\t\t<div class=\"elementor-widget-container\">\n\t\t\t\t\t\t\t\t\t<h5>Banquet hall rental<\/h5>\nThe small banquet hall can accommodate up to 40 people.\nThe large banquet hall can seat up to 120 people with rectangular or round tables.\n\t\t\t\t\t\t\t\t<\/div>\n\t\t\t\t<\/div>\n\t\t\t\t\t<\/div>\n\t\t<\/div>\n\t\t\t\t<div class=\"elementor-column elementor-col-50 elementor-inner-column elementor-element elementor-element-0bf6a30\" data-id=\"0bf6a30\" data-element_type=\"column\" data-e-type=\"column\">\n\t\t\t<div class=\"elementor-widget-wrap elementor-element-populated\">\n\t\t\t\t\t\t<div class=\"elementor-element elementor-element-8055b79 elementor-widget elementor-widget-image\" data-id=\"8055b79\" data-element_type=\"widget\" data-e-type=\"widget\" data-widget_type=\"image.default\">\n\t\t\t\t<div class=\"elementor-widget-container\">\n\t\t\t\t\t\t\t\t\t\t\t\t\t\t\t<img loading=\"lazy\" decoding=\"async\" width=\"98\" height=\"98\" src=\"https:\/\/dvarcenudvaras.lt\/wp-content\/uploads\/2023\/01\/konferenciju-sale.png\" class=\"attachment-full size-full wp-image-782\" alt=\"\" srcset=\"https:\/\/dvarcenudvaras.lt\/wp-content\/uploads\/2023\/01\/konferenciju-sale.png 98w, https:\/\/dvarcenudvaras.lt\/wp-content\/uploads\/2023\/01\/konferenciju-sale-50x50.png 50w, https:\/\/dvarcenudvaras.lt\/wp-content\/uploads\/2023\/01\/konferenciju-sale-75x75.png 75w, https:\/\/dvarcenudvaras.lt\/wp-content\/uploads\/2023\/01\/konferenciju-sale-85x85.png 85w, https:\/\/dvarcenudvaras.lt\/wp-content\/uploads\/2023\/01\/konferenciju-sale-80x80.png 80w\" sizes=\"(max-width:767px) 98px, 98px\" \/>\t\t\t\t\t\t\t\t\t\t\t\t\t\t\t<\/div>\n\t\t\t\t<\/div>\n\t\t\t\t<div class=\"elementor-element elementor-element-ee51d1c elementor-widget elementor-widget-text-editor\" data-id=\"ee51d1c\" data-element_type=\"widget\" data-e-type=\"widget\" data-widget_type=\"text-editor.default\">\n\t\t\t\t<div class=\"elementor-widget-container\">\n\t\t\t\t\t\t\t\t\t<h5>Conference hall rental<\/h5>\nThe small conference hall can accommodate 40 people.\nThe large conference hall can accommodate 120 people.\n\t\t\t\t\t\t\t\t<\/div>\n\t\t\t\t<\/div>\n\t\t\t\t\t<\/div>\n\t\t<\/div>\n\t\t\t\t\t<\/div>\n\t\t<\/section>\n\t\t\t\t\t<\/div>\n\t\t<\/div>\n\t\t\t\t\t<\/div>\n\t\t<\/section>\n\t\t\t\t<\/div>\n\t\t","protected":false},"excerpt":{"rendered":"<p>The rural tourism homestead &#8220;Dvar\u010d\u0117n\u0173 dvaras&#8221; is located in a remote nature haven, on the shore of Lake Suvingis, with is a cozy environment for you<span class=\"excerpt-hellip\"> [\u2026]<\/span><\/p>\n","protected":false},"author":1,"featured_media":0,"parent":0,"menu_order":0,"comment_status":"closed","ping_status":"closed","template":"","meta":{"footnotes":""},"class_list":["post-1103","page","type-page","status-publish","hentry"],"yoast_head":"<!-- This site is optimized with the Yoast SEO plugin v27.4 - https:\/\/yoast.com\/product\/yoast-seo-wordpress\/ -->\n<title>About Us - Dvar\u010d\u0117n\u0173 dvaras<\/title>\n<meta name=\"robots\" content=\"index, follow, max-snippet:-1, max-image-preview:large, max-video-preview:-1\" \/>\n<link rel=\"canonical\" href=\"https:\/\/dvarcenudvaras.lt\/en\/about-us\/\" \/>\n<meta property=\"og:locale\" content=\"en_US\" \/>\n<meta property=\"og:type\" content=\"article\" \/>\n<meta property=\"og:title\" content=\"About Us - Dvar\u010d\u0117n\u0173 dvaras\" \/>\n<meta property=\"og:description\" content=\"The rural tourism homestead &#8220;Dvar\u010d\u0117n\u0173 dvaras&#8221; is located in a remote nature haven, on the shore of Lake Suvingis, with is a cozy environment for you [\u2026]\" \/>\n<meta property=\"og:url\" content=\"https:\/\/dvarcenudvaras.lt\/en\/about-us\/\" \/>\n<meta property=\"og:site_name\" content=\"Dvar\u010d\u0117n\u0173 dvaras\" \/>\n<meta property=\"article:publisher\" content=\"https:\/\/www.facebook.com\/DvarcenuDvaras\" \/>\n<meta property=\"article:modified_time\" content=\"2023-06-30T05:57:45+00:00\" \/>\n<meta property=\"og:image\" content=\"https:\/\/dvarcenudvaras.lt\/wp-content\/uploads\/2023\/06\/apie-mus.jpg\" \/>\n<script type=\"application\/ld+json\" class=\"yoast-schema-graph\">{\"@context\":\"https:\\\/\\\/schema.org\",\"@graph\":[{\"@type\":\"WebPage\",\"@id\":\"https:\\\/\\\/dvarcenudvaras.lt\\\/en\\\/about-us\\\/\",\"url\":\"https:\\\/\\\/dvarcenudvaras.lt\\\/en\\\/about-us\\\/\",\"name\":\"About Us - Dvar\u010d\u0117n\u0173 dvaras\",\"isPartOf\":{\"@id\":\"https:\\\/\\\/dvarcenudvaras.lt\\\/en\\\/#website\"},\"primaryImageOfPage\":{\"@id\":\"https:\\\/\\\/dvarcenudvaras.lt\\\/en\\\/about-us\\\/#primaryimage\"},\"image\":{\"@id\":\"https:\\\/\\\/dvarcenudvaras.lt\\\/en\\\/about-us\\\/#primaryimage\"},\"thumbnailUrl\":\"https:\\\/\\\/dvarcenudvaras.lt\\\/wp-content\\\/uploads\\\/2023\\\/06\\\/apie-mus.jpg\",\"datePublished\":\"2021-03-02T09:05:23+00:00\",\"dateModified\":\"2023-06-30T05:57:45+00:00\",\"breadcrumb\":{\"@id\":\"https:\\\/\\\/dvarcenudvaras.lt\\\/en\\\/about-us\\\/#breadcrumb\"},\"inLanguage\":\"en-US\",\"potentialAction\":[{\"@type\":\"ReadAction\",\"target\":[\"https:\\\/\\\/dvarcenudvaras.lt\\\/en\\\/about-us\\\/\"]}]},{\"@type\":\"ImageObject\",\"inLanguage\":\"en-US\",\"@id\":\"https:\\\/\\\/dvarcenudvaras.lt\\\/en\\\/about-us\\\/#primaryimage\",\"url\":\"https:\\\/\\\/dvarcenudvaras.lt\\\/wp-content\\\/uploads\\\/2023\\\/06\\\/apie-mus.jpg\",\"contentUrl\":\"https:\\\/\\\/dvarcenudvaras.lt\\\/wp-content\\\/uploads\\\/2023\\\/06\\\/apie-mus.jpg\"},{\"@type\":\"BreadcrumbList\",\"@id\":\"https:\\\/\\\/dvarcenudvaras.lt\\\/en\\\/about-us\\\/#breadcrumb\",\"itemListElement\":[{\"@type\":\"ListItem\",\"position\":1,\"name\":\"Home\",\"item\":\"https:\\\/\\\/dvarcenudvaras.lt\\\/en\\\/\"},{\"@type\":\"ListItem\",\"position\":2,\"name\":\"About Us\"}]},{\"@type\":\"WebSite\",\"@id\":\"https:\\\/\\\/dvarcenudvaras.lt\\\/en\\\/#website\",\"url\":\"https:\\\/\\\/dvarcenudvaras.lt\\\/en\\\/\",\"name\":\"Dvar\u010d\u0117n\u0173 dvaras\",\"description\":\"Sodyba alytaus rajone\",\"publisher\":{\"@id\":\"https:\\\/\\\/dvarcenudvaras.lt\\\/en\\\/#\\\/schema\\\/person\\\/782b7f1918700603a1e515ededd82c96\"},\"potentialAction\":[{\"@type\":\"SearchAction\",\"target\":{\"@type\":\"EntryPoint\",\"urlTemplate\":\"https:\\\/\\\/dvarcenudvaras.lt\\\/en\\\/?s={search_term_string}\"},\"query-input\":{\"@type\":\"PropertyValueSpecification\",\"valueRequired\":true,\"valueName\":\"search_term_string\"}}],\"inLanguage\":\"en-US\"},{\"@type\":[\"Person\",\"Organization\"],\"@id\":\"https:\\\/\\\/dvarcenudvaras.lt\\\/en\\\/#\\\/schema\\\/person\\\/782b7f1918700603a1e515ededd82c96\",\"name\":\"Egidijus Bla\u017eauskas\",\"logo\":{\"@id\":\"https:\\\/\\\/dvarcenudvaras.lt\\\/en\\\/#\\\/schema\\\/person\\\/image\\\/\"},\"sameAs\":[\"http:\\\/\\\/www.dvarcenudvaras.lt\",\"https:\\\/\\\/www.facebook.com\\\/DvarcenuDvaras\",\"https:\\\/\\\/www.instagram.com\\\/dvarcenudvaras\\\/\"]}]}<\/script>\n<!-- \/ Yoast SEO plugin. -->","yoast_head_json":{"title":"About Us - Dvar\u010d\u0117n\u0173 dvaras","robots":{"index":"index","follow":"follow","max-snippet":"max-snippet:-1","max-image-preview":"max-image-preview:large","max-video-preview":"max-video-preview:-1"},"canonical":"https:\/\/dvarcenudvaras.lt\/en\/about-us\/","og_locale":"en_US","og_type":"article","og_title":"About Us - Dvar\u010d\u0117n\u0173 dvaras","og_description":"The rural tourism homestead &#8220;Dvar\u010d\u0117n\u0173 dvaras&#8221; is located in a remote nature haven, on the shore of Lake Suvingis, with is a cozy environment for you [\u2026]","og_url":"https:\/\/dvarcenudvaras.lt\/en\/about-us\/","og_site_name":"Dvar\u010d\u0117n\u0173 dvaras","article_publisher":"https:\/\/www.facebook.com\/DvarcenuDvaras","article_modified_time":"2023-06-30T05:57:45+00:00","og_image":[{"url":"https:\/\/dvarcenudvaras.lt\/wp-content\/uploads\/2023\/06\/apie-mus.jpg","type":"","width":"","height":""}],"schema":{"@context":"https:\/\/schema.org","@graph":[{"@type":"WebPage","@id":"https:\/\/dvarcenudvaras.lt\/en\/about-us\/","url":"https:\/\/dvarcenudvaras.lt\/en\/about-us\/","name":"About Us - Dvar\u010d\u0117n\u0173 dvaras","isPartOf":{"@id":"https:\/\/dvarcenudvaras.lt\/en\/#website"},"primaryImageOfPage":{"@id":"https:\/\/dvarcenudvaras.lt\/en\/about-us\/#primaryimage"},"image":{"@id":"https:\/\/dvarcenudvaras.lt\/en\/about-us\/#primaryimage"},"thumbnailUrl":"https:\/\/dvarcenudvaras.lt\/wp-content\/uploads\/2023\/06\/apie-mus.jpg","datePublished":"2021-03-02T09:05:23+00:00","dateModified":"2023-06-30T05:57:45+00:00","breadcrumb":{"@id":"https:\/\/dvarcenudvaras.lt\/en\/about-us\/#breadcrumb"},"inLanguage":"en-US","potentialAction":[{"@type":"ReadAction","target":["https:\/\/dvarcenudvaras.lt\/en\/about-us\/"]}]},{"@type":"ImageObject","inLanguage":"en-US","@id":"https:\/\/dvarcenudvaras.lt\/en\/about-us\/#primaryimage","url":"https:\/\/dvarcenudvaras.lt\/wp-content\/uploads\/2023\/06\/apie-mus.jpg","contentUrl":"https:\/\/dvarcenudvaras.lt\/wp-content\/uploads\/2023\/06\/apie-mus.jpg"},{"@type":"BreadcrumbList","@id":"https:\/\/dvarcenudvaras.lt\/en\/about-us\/#breadcrumb","itemListElement":[{"@type":"ListItem","position":1,"name":"Home","item":"https:\/\/dvarcenudvaras.lt\/en\/"},{"@type":"ListItem","position":2,"name":"About Us"}]},{"@type":"WebSite","@id":"https:\/\/dvarcenudvaras.lt\/en\/#website","url":"https:\/\/dvarcenudvaras.lt\/en\/","name":"Dvar\u010d\u0117n\u0173 dvaras","description":"Sodyba alytaus rajone","publisher":{"@id":"https:\/\/dvarcenudvaras.lt\/en\/#\/schema\/person\/782b7f1918700603a1e515ededd82c96"},"potentialAction":[{"@type":"SearchAction","target":{"@type":"EntryPoint","urlTemplate":"https:\/\/dvarcenudvaras.lt\/en\/?s={search_term_string}"},"query-input":{"@type":"PropertyValueSpecification","valueRequired":true,"valueName":"search_term_string"}}],"inLanguage":"en-US"},{"@type":["Person","Organization"],"@id":"https:\/\/dvarcenudvaras.lt\/en\/#\/schema\/person\/782b7f1918700603a1e515ededd82c96","name":"Egidijus Bla\u017eauskas","logo":{"@id":"https:\/\/dvarcenudvaras.lt\/en\/#\/schema\/person\/image\/"},"sameAs":["http:\/\/www.dvarcenudvaras.lt","https:\/\/www.facebook.com\/DvarcenuDvaras","https:\/\/www.instagram.com\/dvarcenudvaras\/"]}]}},"_links":{"self":[{"href":"https:\/\/dvarcenudvaras.lt\/en\/wp-json\/wp\/v2\/pages\/1103","targetHints":{"allow":["GET"]}}],"collection":[{"href":"https:\/\/dvarcenudvaras.lt\/en\/wp-json\/wp\/v2\/pages"}],"about":[{"href":"https:\/\/dvarcenudvaras.lt\/en\/wp-json\/wp\/v2\/types\/page"}],"author":[{"embeddable":true,"href":"https:\/\/dvarcenudvaras.lt\/en\/wp-json\/wp\/v2\/users\/1"}],"replies":[{"embeddable":true,"href":"https:\/\/dvarcenudvaras.lt\/en\/wp-json\/wp\/v2\/comments?post=1103"}],"version-history":[{"count":6,"href":"https:\/\/dvarcenudvaras.lt\/en\/wp-json\/wp\/v2\/pages\/1103\/revisions"}],"predecessor-version":[{"id":1386,"href":"https:\/\/dvarcenudvaras.lt\/en\/wp-json\/wp\/v2\/pages\/1103\/revisions\/1386"}],"wp:attachment":[{"href":"https:\/\/dvarcenudvaras.lt\/en\/wp-json\/wp\/v2\/media?parent=1103"}],"curies":[{"name":"wp","href":"https:\/\/api.w.org\/{rel}","templated":true}]}}